{"id":132,"date":"2016-02-19T13:45:42","date_gmt":"2016-02-19T12:45:42","guid":{"rendered":"http:\/\/bridge3.qodeinteractive.com\/?page_id=132"},"modified":"2025-11-07T12:04:27","modified_gmt":"2025-11-07T11:04:27","slug":"contacts","status":"publish","type":"page","link":"https:\/\/ksautomatik.dk\/en\/contacts\/","title":{"rendered":"Contacts"},"content":{"rendered":"<p>[vc_row css_animation=&#8221;&#8221; row_type=&#8221;row&#8221; use_row_as_full_screen_section=&#8221;no&#8221; type=&#8221;full_width&#8221; angled_section=&#8221;no&#8221; text_align=&#8221;left&#8221; background_image_as_pattern=&#8221;without_pattern&#8221;][vc_column][vc_empty_space height=&#8221;80px&#8221;][\/vc_column][\/vc_row][vc_row css_animation=&#8221;&#8221; row_type=&#8221;row&#8221; use_row_as_full_screen_section=&#8221;no&#8221; type=&#8221;grid&#8221; angled_section=&#8221;no&#8221; text_align=&#8221;left&#8221; background_image_as_pattern=&#8221;without_pattern&#8221;][vc_column][vc_empty_space height=&#8221;80px&#8221;][\/vc_column][\/vc_row][vc_row css_animation=&#8221;&#8221; row_type=&#8221;row&#8221; use_row_as_full_screen_section=&#8221;no&#8221; type=&#8221;grid&#8221; angled_section=&#8221;no&#8221; text_align=&#8221;left&#8221; background_image_as_pattern=&#8221;without_pattern&#8221;][vc_column width=&#8221;1\/3&#8243;][vc_column_text]<\/p>\n<p style=\"text-align: center;\"><strong>K.S. Automatik Randb\u00f8l ApS &#8211; <\/strong><strong>Headquarter\u00a0<\/strong><br \/>\nRygbjergvej 12<br \/>\n7183 Randb\u00f8l<br \/>\nDenmark<\/p>\n<p style=\"text-align: center;\"><strong>K.S. Automatik Randb\u00f8l ApS &#8211; <\/strong><strong>Hejnsvig<\/strong><br \/>\nKlodh\u00f8jvej 24<br \/>\n7250 <em>Hejnsvig<\/em><br \/>\nDenmark<\/p>\n<p>[\/vc_column_text][vc_empty_space height=&#8221;80px&#8221;][\/vc_column][vc_column width=&#8221;1\/3&#8243;][vc_column_text]<\/p>\n<p style=\"text-align: center;\"><strong>Contact Details<\/strong><br \/>\nPhone number: +45 75 88 33 77<br \/>\nEmail:\u00a0<a href=\"mailto:post@ksautomatik.dk\">post@ksautomatik.dk<\/a><br \/>\nCompany reg. no.: DK 16 52 10 86<\/p>\n<p style=\"text-align: center;\"><strong>Other Emails<\/strong><br \/>\nOrder confirmation: <a href=\"mailto:conf@ksautomatik.dk\">conf@ksautomatik.dk<\/a><br \/>\nInvoice: <a href=\"mailto:invoice@ksautomatik.dk\">invoice@ksautomatik.dk<\/a><\/p>\n<p>[\/vc_column_text][\/vc_column][vc_column width=&#8221;1\/3&#8243;]<div class='image_hover hovered' style='' data-transition-delay=''><div class='images_holder'><img itemprop='image' class='active_image ' src='https:\/\/ksautomatik.dk\/wp-content\/uploads\/2022\/05\/Contacts-Randbol-scaled.jpg' alt='' style='' \/><img itemprop='image' class='hover_image' src='https:\/\/ksautomatik.dk\/wp-content\/uploads\/2024\/05\/Contact-Hejnsvig-resized.jpg' alt='' style='' \/><\/div><\/div>[\/vc_column][vc_column][vc_empty_space height=&#8221;50px&#8221;][\/vc_column][\/vc_row][vc_row css_animation=&#8221;&#8221; row_type=&#8221;row&#8221; use_row_as_full_screen_section=&#8221;no&#8221; type=&#8221;grid&#8221; angled_section=&#8221;no&#8221; text_align=&#8221;left&#8221; background_image_as_pattern=&#8221;without_pattern&#8221;][vc_column width=&#8221;1\/4&#8243;]<div class=\"image_with_text\"><img itemprop=\"image\" src=\"https:\/\/ksautomatik.dk\/wp-content\/uploads\/2017\/09\/no-avatar.png\" alt=\"\" \/><h3 ><\/h3><span style=\"margin: 6px 0px;\" class=\"separator transparent\"><\/span><\/p>\n<h3 style=\"text-align: left;\">\u00a0 \u00a0 Lars Mortensen<\/h3>\n<p style=\"text-align: left;\">\u00a0 \u00a0 Sales &amp; Design<\/p>\n<p style=\"text-align: left;\">\u00a0 \u00a0 Tel: 76 40 73 72<\/p>\n<p style=\"text-align: left;\">\u00a0 \u00a0 Email: <a href=\"mailto:lm@ksautomatik.dk\">lm@ksautomatik.dk<\/a><\/p>\n<p><\/div>[vc_empty_space height=&#8221;50px&#8221;][\/vc_column][vc_column width=&#8221;1\/4&#8243;]<div class=\"image_with_text\"><img itemprop=\"image\" src=\"https:\/\/ksautomatik.dk\/wp-content\/uploads\/2017\/09\/no-avatar.png\" alt=\"\" \/><h3 ><\/h3><span style=\"margin: 6px 0px;\" class=\"separator transparent\"><\/span><\/p>\n<h3 style=\"text-align: left;\">\u00a0 \u00a0 Lars Skovgaard<\/h3>\n<p style=\"text-align: left;\">\u00a0 \u00a0 Sales &amp; Design<\/p>\n<p style=\"text-align: left;\">\u00a0 \u00a0 Tel: 76 40 73 73<\/p>\n<p style=\"text-align: left;\">\u00a0 \u00a0 Email: <a href=\"mailto:ls@ksautomatik.dk\">ls@ksautomatik.dk<\/a><\/p>\n<p><\/div>[\/vc_column][vc_column width=&#8221;1\/4&#8243;]<div class=\"image_with_text\"><img itemprop=\"image\" src=\"https:\/\/ksautomatik.dk\/wp-content\/uploads\/2017\/09\/no-avatar.png\" alt=\"\" \/><h3 ><\/h3><span style=\"margin: 6px 0px;\" class=\"separator transparent\"><\/span><\/p>\n<h3 style=\"text-align: left;\">\u00a0 \u00a0 \u00a0Peter Klausen<\/h3>\n<p style=\"text-align: left;\">\u00a0 \u00a0 \u00a0Design &amp; Purchase<\/p>\n<p style=\"text-align: left;\">\u00a0 \u00a0 \u00a0Tel: 76 40 73 77<\/p>\n<p style=\"text-align: left;\">\u00a0 \u00a0 \u00a0Email: <a href=\"mailto:pk@ksautomatik.dk\">pk@ksautomatik.dk<\/a><\/p>\n<p><\/div>[\/vc_column][vc_column width=&#8221;1\/4&#8243;]<div class=\"image_with_text\"><img itemprop=\"image\" src=\"https:\/\/ksautomatik.dk\/wp-content\/uploads\/2017\/09\/no-avatar.png\" alt=\"\" \/><h3 ><\/h3><span style=\"margin: 6px 0px;\" class=\"separator transparent\"><\/span><\/p>\n<h3 style=\"text-align: left;\">\u00a0 \u00a0 Kristian J\u00f8rgensen<\/h3>\n<p style=\"text-align: left;\">\u00a0 \u00a0 Design &amp; Purchase<\/p>\n<p style=\"text-align: left;\">\u00a0 \u00a0 Tel: 76 40 73 76<\/p>\n<p style=\"text-align: left;\">\u00a0 \u00a0 Email: <a href=\"mailto:kj@ksautomatik.dk\">kj@ksautomatik.dk<\/a><\/p>\n<p><\/div>[\/vc_column][\/vc_row][vc_row css_animation=&#8221;&#8221; row_type=&#8221;row&#8221; use_row_as_full_screen_section=&#8221;no&#8221; type=&#8221;grid&#8221; angled_section=&#8221;no&#8221; text_align=&#8221;left&#8221; background_image_as_pattern=&#8221;without_pattern&#8221;][vc_column width=&#8221;1\/4&#8243;]<div class=\"image_with_text\"><img itemprop=\"image\" src=\"https:\/\/ksautomatik.dk\/wp-content\/uploads\/2017\/09\/no-avatar.png\" alt=\"\" \/><h3 ><\/h3><span style=\"margin: 6px 0px;\" class=\"separator transparent\"><\/span><\/p>\n<h3 style=\"text-align: left;\">\u00a0 \u00a0 Gabriela Lovaton<\/h3>\n<p style=\"text-align: left;\">\u00a0 \u00a0 Finance &amp; Administration<\/p>\n<p style=\"text-align: left;\">\u00a0 \u00a0 Tel: 76 40 73 70<\/p>\n<p style=\"text-align: left;\">\u00a0 \u00a0 Email: <a href=\"mailto:gl@ksautomatik.dk\">gl@ksautomatik.dk<\/a><\/p>\n<p><\/div>[\/vc_column][vc_column width=&#8221;1\/4&#8243;]<div class=\"image_with_text\"><img itemprop=\"image\" src=\"https:\/\/ksautomatik.dk\/wp-content\/uploads\/2017\/09\/no-avatar.png\" alt=\"\" \/><h3 ><\/h3><span style=\"margin: 6px 0px;\" class=\"separator transparent\"><\/span><\/p>\n<h3 style=\"text-align: left;\">\u00a0 \u00a0 Karoline Tranberg Schultz<\/h3>\n<p style=\"text-align: left;\">\u00a0 \u00a0 Administration<\/p>\n<p style=\"text-align: left;\">\u00a0 \u00a0 Tel: 25 98 03 54<\/p>\n<p style=\"text-align: left;\">\u00a0 \u00a0 Email: <a href=\"mailto:kts@ksautomatik.dk\">kts@ksautomatik.dk<\/a><\/p>\n<p><\/div>[\/vc_column][vc_column width=&#8221;1\/4&#8243;]<div class=\"image_with_text\"><img itemprop=\"image\" src=\"https:\/\/ksautomatik.dk\/wp-content\/uploads\/2017\/09\/no-avatar.png\" alt=\"\" \/><h3 ><\/h3><span style=\"margin: 6px 0px;\" class=\"separator transparent\"><\/span><\/p>\n<h3 style=\"text-align: left;\">\u00a0 \u00a0 \u00a0Jan Lyngholm<\/h3>\n<p style=\"text-align: left;\">\u00a0 \u00a0 \u00a0Purchase &amp; Production<\/p>\n<p style=\"text-align: left;\">\u00a0 \u00a0 \u00a0Tel: 76 40 73 71<\/p>\n<p style=\"text-align: left;\">\u00a0 \u00a0 \u00a0Email: <a href=\"mailto:jl@ksautomatik.dk\">jl@ksautomatik.dk<\/a><\/p>\n<p><\/div>[\/vc_column][\/vc_row][vc_row css_animation=&#8221;&#8221; row_type=&#8221;row&#8221; use_row_as_full_screen_section=&#8221;no&#8221; type=&#8221;grid&#8221; angled_section=&#8221;no&#8221; text_align=&#8221;left&#8221; background_image_as_pattern=&#8221;without_pattern&#8221;][vc_column][vc_empty_space height=&#8221;80px&#8221;][vc_column_text]<\/p>\n<h1 class=\"LC20lb DKV0Md\"><strong>Locations<\/strong><\/h1>\n<p>[\/vc_column_text][\/vc_column][\/vc_row][vc_row css_animation=&#8221;&#8221; row_type=&#8221;row&#8221; use_row_as_full_screen_section=&#8221;no&#8221; type=&#8221;grid&#8221; angled_section=&#8221;no&#8221; text_align=&#8221;left&#8221; background_image_as_pattern=&#8221;without_pattern&#8221;][vc_column width=&#8221;1\/2&#8243;][vc_gmaps link=&#8221;#E-8_JTNDaWZyYW1lJTIwc3JjJTNEJTIyaHR0cHMlM0ElMkYlMkZ3d3cuZ29vZ2xlLmNvbSUyRm1hcHMlMkZlbWJlZCUzRnBiJTNEJTIxMW0xOCUyMTFtMTIlMjExbTMlMjExZDI5MDQuNTc5MDg1MDg0NTM4NyUyMTJkOS4yNDE5ODkyNzc0NTg3MjglMjEzZDU1LjY5NDA5MjI3MzA2MjU2NiUyMTJtMyUyMTFmMCUyMTJmMCUyMTNmMCUyMTNtMiUyMTFpMTAyNCUyMTJpNzY4JTIxNGYxMy4xJTIxM20zJTIxMW0yJTIxMXMweDQ2NGI3YWJlY2M0NmFlZmIlMjUzQTB4ZTcwMmRkYTgzODhiZTI3YiUyMTJzUnlnYmplcmd2ZWolMjUyMDEyJTI1MkMlMjUyMDcxODMlMjUyMFJhbmRiJTI1QzMlMjVCOGwlMjE1ZTElMjEzbTIlMjExc2VuJTIxMnNkayUyMTR2MTc0MTc4NjMzNTEyNSUyMTVtMiUyMTFzZW4lMjEyc2RrJTIyJTIwd2lkdGglM0QlMjI2MDAlMjIlMjBoZWlnaHQlM0QlMjI0NTAlMjIlMjBzdHlsZSUzRCUyMmJvcmRlciUzQTAlM0IlMjIlMjBhbGxvd2Z1bGxzY3JlZW4lM0QlMjIlMjIlMjBsb2FkaW5nJTNEJTIybGF6eSUyMiUyMHJlZmVycmVycG9saWN5JTNEJTIybm8tcmVmZXJyZXItd2hlbi1kb3duZ3JhZGUlMjIlM0UlM0MlMkZpZnJhbWUlM0U=&#8221; css_animation=&#8221;none&#8221; title=&#8221;Randb\u00f8l&#8221;][\/vc_column][vc_column width=&#8221;1\/2&#8243;][vc_gmaps link=&#8221;#E-8_JTNDaWZyYW1lJTIwc3JjJTNEJTIyaHR0cHMlM0ElMkYlMkZ3d3cuZ29vZ2xlLmNvbSUyRm1hcHMlMkZlbWJlZCUzRnBiJTNEJTIxMW0xOCUyMTFtMTIlMjExbTMlMjExZDI5MTYuMjA0NTEwNTA5NDgzJTIxMmQ5LjAwMDQyNTk3NzQ2NjY2NiUyMTNkNTUuNjk1MjUyOTczMDYyOTIlMjEybTMlMjExZjAlMjEyZjAlMjEzZjAlMjEzbTIlMjExaTEwMjQlMjEyaTc2OCUyMTRmMTMuMSUyMTNtMyUyMTFtMiUyMTFzMHg0NjRiNzI5ZTA2ODUxMmI3JTI1M0EweGI0Y2I2YzhlMWFhNmQwNzklMjEyc0tsb2RoJTI1QzMlMjVCOGp2ZWolMjUyMDI0JTI1MkMlMjUyMDcyNTAlMjUyMEhlam5zdmlnJTIxNWUxJTIxM20yJTIxMXNlbiUyMTJzZGslMjE0djE3MTUwMTM1MTc4NjQlMjE1bTIlMjExc2VuJTIxMnNkayUyMiUyMHdpZHRoJTNEJTIyNjAwJTIyJTIwaGVpZ2h0JTNEJTIyNDUwJTIyJTIwc3R5bGUlM0QlMjJib3JkZXIlM0EwJTNCJTIyJTIwYWxsb3dmdWxsc2NyZWVuJTNEJTIyJTIyJTIwbG9hZGluZyUzRCUyMmxhenklMjIlMjByZWZlcnJlcnBvbGljeSUzRCUyMm5vLXJlZmVycmVyLXdoZW4tZG93bmdyYWRlJTIyJTNFJTNDJTJGaWZyYW1lJTNF&#8221; css_animation=&#8221;none&#8221; title=&#8221;Hejnsvig&#8221;][\/vc_column][\/vc_row][vc_row css_animation=&#8221;&#8221; row_type=&#8221;row&#8221; use_row_as_full_screen_section=&#8221;no&#8221; type=&#8221;full_width&#8221; angled_section=&#8221;no&#8221; text_align=&#8221;left&#8221; background_image_as_pattern=&#8221;without_pattern&#8221;][vc_column][vc_empty_space height=&#8221;80px&#8221;][\/vc_column][\/vc_row][vc_column][\/vc_column]<\/p>\n","protected":false},"excerpt":{"rendered":"<p>[vc_row css_animation=&#8221;&#8221; row_type=&#8221;row&#8221; use_row_as_full_screen_section=&#8221;no&#8221; type=&#8221;full_width&#8221; angled_section=&#8221;no&#8221; text_align=&#8221;left&#8221; background_image_as_pattern=&#8221;without_pattern&#8221;][vc_column][vc_empty_space height=&#8221;80px&#8221;][\/vc_column][\/vc_row][vc_row css_animation=&#8221;&#8221; row_type=&#8221;row&#8221; use_row_as_full_screen_section=&#8221;no&#8221; type=&#8221;grid&#8221; angled_section=&#8221;no&#8221; text_align=&#8221;left&#8221; background_image_as_pattern=&#8221;without_pattern&#8221;][vc_column][vc_empty_space height=&#8221;80px&#8221;][\/vc_column][\/vc_row][vc_row css_animation=&#8221;&#8221; row_type=&#8221;row&#8221; use_row_as_full_screen_section=&#8221;no&#8221; type=&#8221;grid&#8221; angled_section=&#8221;no&#8221; text_align=&#8221;left&#8221; background_image_as_pattern=&#8221;without_pattern&#8221;][vc_column width=&#8221;1\/3&#8243;][vc_column_text] K.S. Automatik Randb\u00f8l ApS &#8211; Headquarter\u00a0 Rygbjergvej 12 7183 Randb\u00f8l Denmark K.S. Automatik Randb\u00f8l ApS &#8211; Hejnsvig Klodh\u00f8jvej 24 7250&#8230;<\/p>\n","protected":false},"author":2,"featured_media":0,"parent":0,"menu_order":0,"comment_status":"closed","ping_status":"closed","template":"full_width.php","meta":{"_mi_skip_tracking":false,"_monsterinsights_sitenote_active":false,"_monsterinsights_sitenote_note":"","_monsterinsights_sitenote_category":0},"translation":{"provider":"WPGlobus","version":"3.0.1","language":"en","enabled_languages":["da","en"],"languages":{"da":{"title":true,"content":true,"excerpt":false},"en":{"title":true,"content":true,"excerpt":false}}},"_links":{"self":[{"href":"https:\/\/ksautomatik.dk\/en\/wp-json\/wp\/v2\/pages\/132"}],"collection":[{"href":"https:\/\/ksautomatik.dk\/en\/wp-json\/wp\/v2\/pages"}],"about":[{"href":"https:\/\/ksautomatik.dk\/en\/wp-json\/wp\/v2\/types\/page"}],"author":[{"embeddable":true,"href":"https:\/\/ksautomatik.dk\/en\/wp-json\/wp\/v2\/users\/2"}],"replies":[{"embeddable":true,"href":"https:\/\/ksautomatik.dk\/en\/wp-json\/wp\/v2\/comments?post=132"}],"version-history":[{"count":400,"href":"https:\/\/ksautomatik.dk\/en\/wp-json\/wp\/v2\/pages\/132\/revisions"}],"predecessor-version":[{"id":3226,"href":"https:\/\/ksautomatik.dk\/en\/wp-json\/wp\/v2\/pages\/132\/revisions\/3226"}],"wp:attachment":[{"href":"https:\/\/ksautomatik.dk\/en\/wp-json\/wp\/v2\/media?parent=132"}],"curies":[{"name":"wp","href":"https:\/\/api.w.org\/{rel}","templated":true}]}}